{"id":363,"date":"2023-10-26T19:48:22","date_gmt":"2023-10-27T00:48:22","guid":{"rendered":"https:\/\/pais.41gc.com\/?page_id=363"},"modified":"2023-12-08T17:38:07","modified_gmt":"2023-12-08T22:38:07","slug":"professional-foreigner","status":"publish","type":"page","link":"https:\/\/panamaislaw.com\/en\/visas-guide\/work\/professional-foreigner\/","title":{"rendered":"Professional Foreigner"},"content":{"rendered":"<div data-elementor-type=\"wp-page\" data-elementor-id=\"363\" class=\"elementor elementor-363\" data-elementor-post-type=\"page\">\n\t\t\t\t<div class=\"elementor-element elementor-element-4eb985b e-flex e-con-boxed e-con e-parent\" data-id=\"4eb985b\" data-element_type=\"container\" data-e-type=\"container\" data-settings=\"{&quot;background_background&quot;:&quot;classic&quot;}\">\n\t\t\t\t\t<div class=\"e-con-inner\">\n\t\t\t\t<div class=\"elementor-element elementor-element-a6eddd3 elementor-widget elementor-widget-spacer\" data-id=\"a6eddd3\" data-element_type=\"widget\" data-e-type=\"widget\" data-widget_type=\"spacer.default\">\n\t\t\t\t<div class=\"elementor-widget-container\">\n\t\t\t\t\t\t\t<div class=\"elementor-spacer\">\n\t\t\t<div class=\"elementor-spacer-inner\"><\/div>\n\t\t<\/div>\n\t\t\t\t\t\t<\/div>\n\t\t\t\t<\/div>\n\t\t\t\t\t<\/div>\n\t\t\t\t<\/div>\n\t\t<div class=\"elementor-element elementor-element-ea4fd20 e-flex e-con-boxed e-con e-parent\" data-id=\"ea4fd20\" data-element_type=\"container\" data-e-type=\"container\">\n\t\t\t\t\t<div class=\"e-con-inner\">\n\t\t<div class=\"elementor-element elementor-element-1a86186 e-con-full e-flex e-con e-child\" data-id=\"1a86186\" data-element_type=\"container\" data-e-type=\"container\">\n\t\t\t\t<div class=\"elementor-element elementor-element-cf9fbd3 elementor-widget elementor-widget-heading\" data-id=\"cf9fbd3\" data-element_type=\"widget\" data-e-type=\"widget\" data-widget_type=\"heading.default\">\n\t\t\t\t<div class=\"elementor-widget-container\">\n\t\t\t\t\t<h1 class=\"elementor-heading-title elementor-size-large\">Professional Foreigner visa: <\/h1>\t\t\t\t<\/div>\n\t\t\t\t<\/div>\n\t\t\t\t<div class=\"elementor-element elementor-element-42e548b elementor-widget elementor-widget-text-editor\" data-id=\"42e548b\" data-element_type=\"widget\" data-e-type=\"widget\" data-widget_type=\"text-editor.default\">\n\t\t\t\t<div class=\"elementor-widget-container\">\n\t\t\t\t\t\t\t\t\t<p>Foreign professionals may apply for this permit if their profession is not restricted by the Constitution of the Republic of Panama or by law. To view the list of professions reserved for Panamanians <a href=\"https:\/\/panamaislaw.com\/en\/list-of-reserved-professions\/\" target=\"_blank\" rel=\"noopener\"><span style=\"text-decoration: underline;\">here<\/span><\/a>.<\/p><p>The residence visa as a Professional Foreigner is granted for a period of two years, and subsequently, you may apply for permanent residence visa with the right to a permanent resident card issued by the Electoral Tribunal of Panama. This is done through a second application upon the expiration of the initial visa.<\/p><p>Requirements for Provisional Residence visa:<\/p><ol><li>Powers of attorney and forms that we will provide for your signature.<\/li><li>Five (5) passport-sized photographs.<\/li><li>Copy of your passport with a minimum validity of three months.<\/li><li>Criminal record certificate from the country of origin or residence, duly apostilled or authenticated at the Consulate of Panama in the country where it was issued.<\/li><li>Certificate of good health issued by a doctor in Panama.<\/li><li>Payment of B\/.250.00 to the National Treasury for the right to migratory category. (Certified check)<\/li><li>Payment of B\/.800.00 to the National Immigration Service for repatriation deposit. (Certified check)<\/li><li>Copy of the diploma or university degree, bachelor's, master's, or doctorate, duly apostilled or authenticated.<ol><li>If the diploma is Panamanian, it must have the seal of a true copy of the original from the issuing university.<\/li><li>If the diploma is foreign, must include certification of the homologation issued by the National University of Panama.<\/li><\/ol><\/li><\/ol><p>To apply for permanent residence visa, all the above requirements will be submitted, excluding the Certificate of Criminal Record and payments to the government.<\/p><p>This residence visa allows you to apply for a work permit to work in Panama with the Ministry of Labor and Labor Development.<\/p><p>Holders of a residence visa for professional foreigners, can apply for migrant worker permits contracted by an employer within ten percent (10%) quota, migrant worker contracted by an employer within fifteen percent (15%) quota, migrant worker contracted by a micro or small employer (MIPE\/SMB), and migrant worker contracted as executive of an international company, whose transactions are perfected, consumed, or have their effect abroad.<\/p>\t\t\t\t\t\t\t\t<\/div>\n\t\t\t\t<\/div>\n\t\t\t\t<\/div>\n\t\t\t\t\t<\/div>\n\t\t\t\t<\/div>\n\t\t<div class=\"elementor-element elementor-element-9f94597 e-con-full e-flex e-con e-parent\" data-id=\"9f94597\" data-element_type=\"container\" data-e-type=\"container\">\n\t\t\t\t<div class=\"elementor-element elementor-element-df975fa elementor-widget elementor-widget-template\" data-id=\"df975fa\" data-element_type=\"widget\" data-e-type=\"widget\" data-widget_type=\"template.default\">\n\t\t\t\t<div class=\"elementor-widget-container\">\n\t\t\t\t\t\t\t<div class=\"elementor-template\">\n\t\t\t\t\t<div data-elementor-type=\"container\" data-elementor-id=\"342\" class=\"elementor elementor-342\" data-elementor-post-type=\"elementor_library\">\n\t\t\t\t<div class=\"elementor-element elementor-element-38b744be e-flex e-con-boxed e-con e-parent\" data-id=\"38b744be\" data-element_type=\"container\" data-e-type=\"container\" data-settings=\"{&quot;background_background&quot;:&quot;classic&quot;}\">\n\t\t\t\t\t<div class=\"e-con-inner\">\n\t\t<div class=\"elementor-element elementor-element-5cbbf7c5 e-flex e-con-boxed e-con e-child\" data-id=\"5cbbf7c5\" data-element_type=\"container\" data-e-type=\"container\">\n\t\t\t\t\t<div class=\"e-con-inner\">\n\t\t\t\t<div class=\"elementor-element elementor-element-c09dd93 elementor-widget elementor-widget-text-editor\" data-id=\"c09dd93\" data-element_type=\"widget\" data-e-type=\"widget\" data-widget_type=\"text-editor.default\">\n\t\t\t\t<div class=\"elementor-widget-container\">\n\t\t\t\t\t\t\t\t\t<p>DISCLAIMER:<br \/>Completing this assessment does not guarantee that you will be able to successfully immigrate. The information provided does not constitute legal advice.<br \/>*The information contained on these pages is for general use only and is not a substitute for speaking to an immigration attorney and should not be relied upon as case specific advice in any form whatsoever. It does not constitute formal legal advice or give rise to any lawyer-client relationship. Panama Immigration Specialists disclaims all liability resulting from reliance upon this general information. We recommend you consult with immigration lawyers directly to receive the most up-to-date information and advice.\u00a0<\/p>\t\t\t\t\t\t\t\t<\/div>\n\t\t\t\t<\/div>\n\t\t\t\t\t<\/div>\n\t\t\t\t<\/div>\n\t\t\t\t\t<\/div>\n\t\t\t\t<\/div>\n\t\t\t\t<\/div>\n\t\t\t\t<\/div>\n\t\t\t\t\t\t<\/div>\n\t\t\t\t<\/div>\n\t\t\t\t<\/div>\n\t\t\t\t<\/div>","protected":false},"excerpt":{"rendered":"<p>Extranjero Profesional: Podr\u00e1 aplicar a este permiso el extranjero profesional, siempre y cuando dicha profesi\u00f3n no est\u00e9 limitada por la Constituci\u00f3n de la Rep\u00fablica de Panam\u00e1 o por Ley a nacionales paname\u00f1os por nacimiento o por naturalizaci\u00f3n. Ver lista de profesiones reservadas para paname\u00f1os aqu\u00ed. El permiso de residencia en calidad de Extranjero Profesional es [&hellip;]<\/p>\n","protected":false},"author":1,"featured_media":0,"parent":339,"menu_order":1,"comment_status":"closed","ping_status":"closed","template":"elementor_header_footer","meta":{"footnotes":""},"class_list":["post-363","page","type-page","status-publish","hentry"],"blocksy_meta":[],"yoast_head":"<!-- This site is optimized with the Yoast SEO plugin v27.4 - https:\/\/yoast.com\/product\/yoast-seo-wordpress\/ -->\n<title>Extranjero profesional - PANAMAIS<\/title>\n<meta name=\"robots\" content=\"index, follow, max-snippet:-1, max-image-preview:large, max-video-preview:-1\" \/>\n<link rel=\"canonical\" href=\"https:\/\/pais.41gc.com\/guia-visas\/trabajo\/extranjero-profesional\/\" \/>\n<meta property=\"og:locale\" content=\"en_US\" \/>\n<meta property=\"og:type\" content=\"article\" \/>\n<meta property=\"og:title\" content=\"Extranjero profesional - PANAMAIS\" \/>\n<meta property=\"og:description\" content=\"Extranjero Profesional: Podr\u00e1 aplicar a este permiso el extranjero profesional, siempre y cuando dicha profesi\u00f3n no est\u00e9 limitada por la Constituci\u00f3n de la Rep\u00fablica de Panam\u00e1 o por Ley a nacionales paname\u00f1os por nacimiento o por naturalizaci\u00f3n. Ver lista de profesiones reservadas para paname\u00f1os aqu\u00ed. El permiso de residencia en calidad de Extranjero Profesional es [&hellip;]\" \/>\n<meta property=\"og:url\" content=\"https:\/\/pais.41gc.com\/guia-visas\/trabajo\/extranjero-profesional\/\" \/>\n<meta property=\"og:site_name\" content=\"PANAMAIS\" \/>\n<meta property=\"article:modified_time\" content=\"2023-12-08T22:38:07+00:00\" \/>\n<meta name=\"twitter:card\" content=\"summary_large_image\" \/>\n<meta name=\"twitter:label1\" content=\"Est. reading time\" \/>\n\t<meta name=\"twitter:data1\" content=\"3 minutes\" \/>\n<script type=\"application\/ld+json\" class=\"yoast-schema-graph\">{\"@context\":\"https:\\\/\\\/schema.org\",\"@graph\":[{\"@type\":\"WebPage\",\"@id\":\"https:\\\/\\\/pais.41gc.com\\\/guia-visas\\\/trabajo\\\/extranjero-profesional\\\/\",\"url\":\"https:\\\/\\\/pais.41gc.com\\\/guia-visas\\\/trabajo\\\/extranjero-profesional\\\/\",\"name\":\"Extranjero profesional - PANAMAIS\",\"isPartOf\":{\"@id\":\"https:\\\/\\\/panamaislaw.com\\\/#website\"},\"datePublished\":\"2023-10-27T00:48:22+00:00\",\"dateModified\":\"2023-12-08T22:38:07+00:00\",\"breadcrumb\":{\"@id\":\"https:\\\/\\\/pais.41gc.com\\\/guia-visas\\\/trabajo\\\/extranjero-profesional\\\/#breadcrumb\"},\"inLanguage\":\"en-US\",\"potentialAction\":[{\"@type\":\"ReadAction\",\"target\":[\"https:\\\/\\\/pais.41gc.com\\\/guia-visas\\\/trabajo\\\/extranjero-profesional\\\/\"]}]},{\"@type\":\"BreadcrumbList\",\"@id\":\"https:\\\/\\\/pais.41gc.com\\\/guia-visas\\\/trabajo\\\/extranjero-profesional\\\/#breadcrumb\",\"itemListElement\":[{\"@type\":\"ListItem\",\"position\":1,\"name\":\"PANAMAIS\",\"item\":\"https:\\\/\\\/panamaislaw.com\\\/\"},{\"@type\":\"ListItem\",\"position\":2,\"name\":\"Gu\u00eda de visas\",\"item\":\"https:\\\/\\\/pais.41gc.com\\\/guia-visas\\\/\"},{\"@type\":\"ListItem\",\"position\":3,\"name\":\"Permiso de residencia para trabajar\",\"item\":\"https:\\\/\\\/pais.41gc.com\\\/guia-visas\\\/trabajo\\\/\"},{\"@type\":\"ListItem\",\"position\":4,\"name\":\"Extranjero profesional\"}]},{\"@type\":\"WebSite\",\"@id\":\"https:\\\/\\\/panamaislaw.com\\\/#website\",\"url\":\"https:\\\/\\\/panamaislaw.com\\\/\",\"name\":\"PANAMAIS\",\"description\":\"Panam\u00e1 Immigration Specialists\",\"publisher\":{\"@id\":\"https:\\\/\\\/panamaislaw.com\\\/#organization\"},\"potentialAction\":[{\"@type\":\"SearchAction\",\"target\":{\"@type\":\"EntryPoint\",\"urlTemplate\":\"https:\\\/\\\/panamaislaw.com\\\/?s={search_term_string}\"},\"query-input\":{\"@type\":\"PropertyValueSpecification\",\"valueRequired\":true,\"valueName\":\"search_term_string\"}}],\"inLanguage\":\"en-US\"},{\"@type\":\"Organization\",\"@id\":\"https:\\\/\\\/panamaislaw.com\\\/#organization\",\"name\":\"PANAMAIS\",\"url\":\"https:\\\/\\\/panamaislaw.com\\\/\",\"logo\":{\"@type\":\"ImageObject\",\"inLanguage\":\"en-US\",\"@id\":\"https:\\\/\\\/panamaislaw.com\\\/#\\\/schema\\\/logo\\\/image\\\/\",\"url\":\"https:\\\/\\\/panamaislaw.com\\\/wp-content\\\/uploads\\\/2023\\\/10\\\/panama_is.svg\",\"contentUrl\":\"https:\\\/\\\/panamaislaw.com\\\/wp-content\\\/uploads\\\/2023\\\/10\\\/panama_is.svg\",\"width\":395,\"height\":91,\"caption\":\"PANAMAIS\"},\"image\":{\"@id\":\"https:\\\/\\\/panamaislaw.com\\\/#\\\/schema\\\/logo\\\/image\\\/\"}}]}<\/script>\n<!-- \/ Yoast SEO plugin. -->","yoast_head_json":{"title":"Extranjero profesional - PANAMAIS","robots":{"index":"index","follow":"follow","max-snippet":"max-snippet:-1","max-image-preview":"max-image-preview:large","max-video-preview":"max-video-preview:-1"},"canonical":"https:\/\/pais.41gc.com\/guia-visas\/trabajo\/extranjero-profesional\/","og_locale":"en_US","og_type":"article","og_title":"Extranjero profesional - PANAMAIS","og_description":"Extranjero Profesional: Podr\u00e1 aplicar a este permiso el extranjero profesional, siempre y cuando dicha profesi\u00f3n no est\u00e9 limitada por la Constituci\u00f3n de la Rep\u00fablica de Panam\u00e1 o por Ley a nacionales paname\u00f1os por nacimiento o por naturalizaci\u00f3n. Ver lista de profesiones reservadas para paname\u00f1os aqu\u00ed. El permiso de residencia en calidad de Extranjero Profesional es [&hellip;]","og_url":"https:\/\/pais.41gc.com\/guia-visas\/trabajo\/extranjero-profesional\/","og_site_name":"PANAMAIS","article_modified_time":"2023-12-08T22:38:07+00:00","twitter_card":"summary_large_image","twitter_misc":{"Est. reading time":"3 minutes"},"schema":{"@context":"https:\/\/schema.org","@graph":[{"@type":"WebPage","@id":"https:\/\/pais.41gc.com\/guia-visas\/trabajo\/extranjero-profesional\/","url":"https:\/\/pais.41gc.com\/guia-visas\/trabajo\/extranjero-profesional\/","name":"Extranjero profesional - PANAMAIS","isPartOf":{"@id":"https:\/\/panamaislaw.com\/#website"},"datePublished":"2023-10-27T00:48:22+00:00","dateModified":"2023-12-08T22:38:07+00:00","breadcrumb":{"@id":"https:\/\/pais.41gc.com\/guia-visas\/trabajo\/extranjero-profesional\/#breadcrumb"},"inLanguage":"en-US","potentialAction":[{"@type":"ReadAction","target":["https:\/\/pais.41gc.com\/guia-visas\/trabajo\/extranjero-profesional\/"]}]},{"@type":"BreadcrumbList","@id":"https:\/\/pais.41gc.com\/guia-visas\/trabajo\/extranjero-profesional\/#breadcrumb","itemListElement":[{"@type":"ListItem","position":1,"name":"PANAMAIS","item":"https:\/\/panamaislaw.com\/"},{"@type":"ListItem","position":2,"name":"Gu\u00eda de visas","item":"https:\/\/pais.41gc.com\/guia-visas\/"},{"@type":"ListItem","position":3,"name":"Permiso de residencia para trabajar","item":"https:\/\/pais.41gc.com\/guia-visas\/trabajo\/"},{"@type":"ListItem","position":4,"name":"Extranjero profesional"}]},{"@type":"WebSite","@id":"https:\/\/panamaislaw.com\/#website","url":"https:\/\/panamaislaw.com\/","name":"PANAMAIS","description":"Panam\u00e1 Immigration Specialists","publisher":{"@id":"https:\/\/panamaislaw.com\/#organization"},"potentialAction":[{"@type":"SearchAction","target":{"@type":"EntryPoint","urlTemplate":"https:\/\/panamaislaw.com\/?s={search_term_string}"},"query-input":{"@type":"PropertyValueSpecification","valueRequired":true,"valueName":"search_term_string"}}],"inLanguage":"en-US"},{"@type":"Organization","@id":"https:\/\/panamaislaw.com\/#organization","name":"PANAMAIS","url":"https:\/\/panamaislaw.com\/","logo":{"@type":"ImageObject","inLanguage":"en-US","@id":"https:\/\/panamaislaw.com\/#\/schema\/logo\/image\/","url":"https:\/\/panamaislaw.com\/wp-content\/uploads\/2023\/10\/panama_is.svg","contentUrl":"https:\/\/panamaislaw.com\/wp-content\/uploads\/2023\/10\/panama_is.svg","width":395,"height":91,"caption":"PANAMAIS"},"image":{"@id":"https:\/\/panamaislaw.com\/#\/schema\/logo\/image\/"}}]}},"_links":{"self":[{"href":"https:\/\/panamaislaw.com\/en\/wp-json\/wp\/v2\/pages\/363","targetHints":{"allow":["GET"]}}],"collection":[{"href":"https:\/\/panamaislaw.com\/en\/wp-json\/wp\/v2\/pages"}],"about":[{"href":"https:\/\/panamaislaw.com\/en\/wp-json\/wp\/v2\/types\/page"}],"author":[{"embeddable":true,"href":"https:\/\/panamaislaw.com\/en\/wp-json\/wp\/v2\/users\/1"}],"replies":[{"embeddable":true,"href":"https:\/\/panamaislaw.com\/en\/wp-json\/wp\/v2\/comments?post=363"}],"version-history":[{"count":13,"href":"https:\/\/panamaislaw.com\/en\/wp-json\/wp\/v2\/pages\/363\/revisions"}],"predecessor-version":[{"id":517,"href":"https:\/\/panamaislaw.com\/en\/wp-json\/wp\/v2\/pages\/363\/revisions\/517"}],"up":[{"embeddable":true,"href":"https:\/\/panamaislaw.com\/en\/wp-json\/wp\/v2\/pages\/339"}],"wp:attachment":[{"href":"https:\/\/panamaislaw.com\/en\/wp-json\/wp\/v2\/media?parent=363"}],"curies":[{"name":"wp","href":"https:\/\/api.w.org\/{rel}","templated":true}]}}